{"id":16,"date":"2014-03-26T22:15:08","date_gmt":"2014-03-26T22:15:08","guid":{"rendered":"http:\/\/its-conf.org\/2014\/?page_id=16"},"modified":"2025-10-23T16:47:01","modified_gmt":"2025-10-23T16:47:01","slug":"committees","status":"publish","type":"page","link":"https:\/\/www.computing-conf.org\/oldconferences\/2025\/committees\/","title":{"rendered":"Committees"},"content":{"rendered":"<p><strong><strong>Conference &amp; Program<\/strong>\u00a0Chair<\/strong><\/p>\n<p>Paula Miranda, Polytechnic Institute of Setubal, Portugal<\/p>\n<p>&nbsp;<\/p>\n<p><strong>Committee Members*<\/strong><\/p>\n<p>Abbas Fadhil Aljuboori, AlShaab University, Iraq<br \/>\nAdam Wojciechowski, Poznan University Of Technology, Poland<br \/>\nAnastasios Doulamis, National Technical University of Athens, Greece<br \/>\nAndreas Menychtas, University of Piraeus, Greece<br \/>\nAndrew Adamatzky, Uwe Bristol, United Kingdom<br \/>\nAntonio LaTorre, Universidad Polit\u00e9cnica De Madrid, Spain<br \/>\nAntonio Robles-G\u00f3mez, Spanish University for Distance Education, UNED, Spain<br \/>\nCarmen Carrion, University of Castilla-La Mancha, Spain<br \/>\nCarolina Yukari Veludo Watanabe, Federal University of Rond\u00f4nia, Brazil<br \/>\nCristiano Costa, Universidade Do Vale Do Rio Dos Sinos (unisinos), Brazil<br \/>\nDana Petcu, West University Of Timisoara, Romania<br \/>\nDenis Gracanin, Virginia Tech, USA<br \/>\nDessislava Vassileva, Sofia University St. Kliment Ohridski, Bulgaria<br \/>\nDorian Gorgan, Computer Science Department, Technical University , Romania<br \/>\nEnrique Vargas, Universidad Catolica De Asuncion, Paraguay<br \/>\nFrancesca Martelli, Istituto di Informatica e Telematica &#8211; CNR, Italy<br \/>\nFrancisco Jos\u00e9 Garc\u00eda-Pe\u00f1alvo, University Of Salamanca, Spain<br \/>\nGrigorios Beligiannis, University of Patras, Greece<br \/>\nHolger Hofmann, Baden-Wuerttemberg Cooperative State University Ma, Germany<br \/>\nJan Krasniewicz, Birmingham City University, United Kingdom<br \/>\nJoao Paulo Papa, S\u00e3o Paulo State University, Brazil<br \/>\nJose Manuel Molina, Universidad Carlos Iii De Madrid, Spain<br \/>\nJuan Francisco De Paz Santana, University Of Salamanca, Spain<br \/>\nKarthik Kushala, Taylor Corporation, Usa<br \/>\nKelton Costa, S\u00e3o Paulo State University, Brazil<br \/>\nKuo-Chan Huang, National Taichung University of Education, Taiwan<br \/>\nLiz Bacon, Abertay University, United Kingdom<br \/>\nLuca Pardini, University of Pisa, Italy<br \/>\nM Carmen de Castro-Cabrera, University Of Cadiz, Spain<br \/>\nMaiga Chang, Athabasca University, Canada<br \/>\nManuel Gil P\u00e9rez, University of Murcia, Spain<br \/>\nMarek Woda, Wroc\u0142aw University of Science and Technology, Poland<br \/>\nMariem Haoues, Higher Institute Of Computer Science And Multimedi, Tunisie<br \/>\nMatthias Lange, Leibniz Institute of Plant Genetics and Crop Plant, Germany<br \/>\nMauro Gaspari, University Of Bologna, Italy<br \/>\nMichael Hobbs, Deakin University, Australia<br \/>\nMichael Vassilakopoulos, University of Thessaly , Greece<br \/>\nMinoru Uehara, Toyo University, Japan<br \/>\nNikolaos Matsatsinis, Technical University Of Crete, Greece<br \/>\nPablo Rabanal, Universidad Complutense de Madrid, Spain<br \/>\nPrabhat Mahanti, University Of New Brunswick, Canada<br \/>\nPriscila Tiemi Maeda Saito, Federal University of Sao Carlos (UFSCar), Brazil<br \/>\nSharon Cox, Birmingham City University, United Kingdom<br \/>\nSherri WeitlHarms, Creighton University, USA<br \/>\nTeodor Stefanut, Technical University Of Cluj-napoca, Romania<br \/>\nVicente Gonzalez, Universidad Cat\u00f3lica , Paraguay<br \/>\nVincent Hilaire, Utbm, France<br \/>\nVincenzo Deufemia, Universit\u00e0 di Salerno, Italy<br \/>\nWilliam Steingartner, Technical University Of Ko\u0161ice, Slovakia<br \/>\nWitold Andrzejewski, Poznan University Of Technology, Poland<br \/>\nZaher Al Aghbari, University Of Sharjah, United Arab Emirates<\/p>\n<p>*committee members are being invited<\/p>\n","protected":false},"excerpt":{"rendered":"<p>Conference &amp; Program\u00a0Chair Paula Miranda, Polytechnic Institute of Setubal, Portugal &nbsp; Committee Members* Abbas Fadhil Aljuboori, AlShaab University, Iraq Adam Wojciechowski, Poznan University Of Technology, Poland Anastasios Doulamis, National Technical University of Athens, Greece Andreas Menychtas, University of Piraeus, Greece Andrew Adamatzky, Uwe Bristol, United Kingdom Antonio LaTorre, Universidad Polit\u00e9cnica De Madrid, Spain Antonio Robles-G\u00f3mez, [&hellip;]<\/p>\n","protected":false},"author":1,"featured_media":0,"parent":0,"menu_order":0,"comment_status":"closed","ping_status":"closed","template":"","meta":{"footnotes":""},"class_list":["post-16","page","type-page","status-publish","hentry"],"_links":{"self":[{"href":"https:\/\/www.computing-conf.org\/oldconferences\/2025\/wp-json\/wp\/v2\/pages\/16","targetHints":{"allow":["GET"]}}],"collection":[{"href":"https:\/\/www.computing-conf.org\/oldconferences\/2025\/wp-json\/wp\/v2\/pages"}],"about":[{"href":"https:\/\/www.computing-conf.org\/oldconferences\/2025\/wp-json\/wp\/v2\/types\/page"}],"author":[{"embeddable":true,"href":"https:\/\/www.computing-conf.org\/oldconferences\/2025\/wp-json\/wp\/v2\/users\/1"}],"replies":[{"embeddable":true,"href":"https:\/\/www.computing-conf.org\/oldconferences\/2025\/wp-json\/wp\/v2\/comments?post=16"}],"version-history":[{"count":115,"href":"https:\/\/www.computing-conf.org\/oldconferences\/2025\/wp-json\/wp\/v2\/pages\/16\/revisions"}],"predecessor-version":[{"id":2577,"href":"https:\/\/www.computing-conf.org\/oldconferences\/2025\/wp-json\/wp\/v2\/pages\/16\/revisions\/2577"}],"wp:attachment":[{"href":"https:\/\/www.computing-conf.org\/oldconferences\/2025\/wp-json\/wp\/v2\/media?parent=16"}],"curies":[{"name":"wp","href":"https:\/\/api.w.org\/{rel}","templated":true}]}}